{"id":82,"date":"2020-06-26T21:09:25","date_gmt":"2020-06-26T21:09:25","guid":{"rendered":"http:\/\/qigong-zentrum-muc.de\/?page_id=82"},"modified":"2025-01-21T15:12:43","modified_gmt":"2025-01-21T15:12:43","slug":"meister-zhi-chang-li","status":"publish","type":"page","link":"https:\/\/qigong-zentrum-muc.de\/?page_id=82","title":{"rendered":"Meister Zhi Chang Li"},"content":{"rendered":"\t\t<div data-elementor-type=\"wp-page\" data-elementor-id=\"82\" class=\"elementor elementor-82\">\n\t\t\t\t\t\t<section class=\"elementor-section elementor-top-section elementor-element elementor-element-eabeb72 elementor-section-boxed elementor-section-height-default elementor-section-height-default\" data-id=\"eabeb72\" data-element_type=\"section\">\n\t\t\t\t\t\t<div class=\"elementor-container elementor-column-gap-default\">\n\t\t\t\t\t<div class=\"elementor-column elementor-col-100 elementor-top-column elementor-element elementor-element-6df5516\" data-id=\"6df5516\" data-element_type=\"column\">\n\t\t\t<div class=\"elementor-widget-wrap elementor-element-populated\">\n\t\t\t\t\t\t<div class=\"elementor-element elementor-element-a000b9f elementor-widget elementor-widget-image\" data-id=\"a000b9f\" data-element_type=\"widget\" data-widget_type=\"image.default\">\n\t\t\t\t<div class=\"elementor-widget-container\">\n\t\t\t\t\t\t\t\t\t\t\t\t\t\t\t<img fetchpriority=\"high\" decoding=\"async\" width=\"1980\" height=\"700\" src=\"https:\/\/qigong-zentrum-muc.de\/wp-content\/uploads\/2020\/06\/Header_MeisterLi.jpg\" class=\"attachment-full size-full wp-image-169\" alt=\"\" srcset=\"https:\/\/qigong-zentrum-muc.de\/wp-content\/uploads\/2020\/06\/Header_MeisterLi.jpg 1980w, https:\/\/qigong-zentrum-muc.de\/wp-content\/uploads\/2020\/06\/Header_MeisterLi-300x106.jpg 300w, https:\/\/qigong-zentrum-muc.de\/wp-content\/uploads\/2020\/06\/Header_MeisterLi-1024x362.jpg 1024w, https:\/\/qigong-zentrum-muc.de\/wp-content\/uploads\/2020\/06\/Header_MeisterLi-768x272.jpg 768w, https:\/\/qigong-zentrum-muc.de\/wp-content\/uploads\/2020\/06\/Header_MeisterLi-1536x543.jpg 1536w\" sizes=\"(max-width: 1980px) 100vw, 1980px\" \/>\t\t\t\t\t\t\t\t\t\t\t\t\t\t\t<\/div>\n\t\t\t\t<\/div>\n\t\t\t\t\t<\/div>\n\t\t<\/div>\n\t\t\t\t\t<\/div>\n\t\t<\/section>\n\t\t\t\t<section class=\"elementor-section elementor-top-section elementor-element elementor-element-040b192 elementor-section-boxed elementor-section-height-default elementor-section-height-default\" data-id=\"040b192\" data-element_type=\"section\">\n\t\t\t\t\t\t<div class=\"elementor-container elementor-column-gap-default\">\n\t\t\t\t\t<div class=\"elementor-column elementor-col-100 elementor-top-column elementor-element elementor-element-7b3b97c\" data-id=\"7b3b97c\" data-element_type=\"column\">\n\t\t\t<div class=\"elementor-widget-wrap elementor-element-populated\">\n\t\t\t\t\t\t<div class=\"elementor-element elementor-element-df2d9f6 elementor-widget elementor-widget-spacer\" data-id=\"df2d9f6\" data-element_type=\"widget\" data-widget_type=\"spacer.default\">\n\t\t\t\t<div class=\"elementor-widget-container\">\n\t\t\t\t\t\t\t<div class=\"elementor-spacer\">\n\t\t\t<div class=\"elementor-spacer-inner\"><\/div>\n\t\t<\/div>\n\t\t\t\t\t\t<\/div>\n\t\t\t\t<\/div>\n\t\t\t\t\t<\/div>\n\t\t<\/div>\n\t\t\t\t\t<\/div>\n\t\t<\/section>\n\t\t\t\t<section class=\"elementor-section elementor-top-section elementor-element elementor-element-c79ce82 elementor-section-boxed elementor-section-height-default elementor-section-height-default\" data-id=\"c79ce82\" data-element_type=\"section\">\n\t\t\t\t\t\t<div class=\"elementor-container elementor-column-gap-default\">\n\t\t\t\t\t<div class=\"elementor-column elementor-col-50 elementor-top-column elementor-element elementor-element-17ffdb4\" data-id=\"17ffdb4\" data-element_type=\"column\">\n\t\t\t<div class=\"elementor-widget-wrap elementor-element-populated\">\n\t\t\t\t\t\t<div class=\"elementor-element elementor-element-d89b797 elementor-widget elementor-widget-image\" data-id=\"d89b797\" data-element_type=\"widget\" data-widget_type=\"image.default\">\n\t\t\t\t<div class=\"elementor-widget-container\">\n\t\t\t\t\t\t\t\t\t\t\t\t\t\t\t<img decoding=\"async\" width=\"221\" height=\"365\" src=\"https:\/\/qigong-zentrum-muc.de\/wp-content\/uploads\/2020\/06\/ZhiChangLi.png\" class=\"attachment-large size-large wp-image-19\" alt=\"\" srcset=\"https:\/\/qigong-zentrum-muc.de\/wp-content\/uploads\/2020\/06\/ZhiChangLi.png 221w, https:\/\/qigong-zentrum-muc.de\/wp-content\/uploads\/2020\/06\/ZhiChangLi-182x300.png 182w\" sizes=\"(max-width: 221px) 100vw, 221px\" \/>\t\t\t\t\t\t\t\t\t\t\t\t\t\t\t<\/div>\n\t\t\t\t<\/div>\n\t\t\t\t\t<\/div>\n\t\t<\/div>\n\t\t\t\t<div class=\"elementor-column elementor-col-50 elementor-top-column elementor-element elementor-element-da46877\" data-id=\"da46877\" data-element_type=\"column\">\n\t\t\t<div class=\"elementor-widget-wrap elementor-element-populated\">\n\t\t\t\t\t\t<div class=\"elementor-element elementor-element-015ff8d elementor-widget elementor-widget-text-editor\" data-id=\"015ff8d\" data-element_type=\"widget\" data-widget_type=\"text-editor.default\">\n\t\t\t\t<div class=\"elementor-widget-container\">\n\t\t\t\t\t\t\t\t\t<p><strong><br \/>Die Schule des Meister Li<\/strong><\/p><p>Bereits im Kindesalter begann seine Ausbildung in Kampfk\u00fcnsten und chinesischer Medizin( sp\u00e4ter 21 Jahre Erfahrung als Arzt in Peking). Von 11 bedeutenden Meistern wurde er \u00fcber drei\u00dfig Jahre in verschiedenen Qigong- Disziplinen unterwiesen. Heute, selbst Gro\u00dfmeister, lehrt er die 3000 Jahre alte Kunst des Qigong. Zu diesem Zweck fasste Gro\u00dfmeister Li( Jahrgang 1942) die wirkungsvollsten Elemente der einzelnen Schulen zu einem neuen, konzentrierten \u00dcbungsprogramm f\u00fcr westliche Sch\u00fcler zusammen.<\/p>\t\t\t\t\t\t\t\t<\/div>\n\t\t\t\t<\/div>\n\t\t\t\t\t<\/div>\n\t\t<\/div>\n\t\t\t\t\t<\/div>\n\t\t<\/section>\n\t\t\t\t<section class=\"elementor-section elementor-top-section elementor-element elementor-element-25b94f8 elementor-section-boxed elementor-section-height-default elementor-section-height-default\" data-id=\"25b94f8\" data-element_type=\"section\">\n\t\t\t\t\t\t<div class=\"elementor-container elementor-column-gap-default\">\n\t\t\t\t\t<div class=\"elementor-column elementor-col-100 elementor-top-column elementor-element elementor-element-7ff970a\" data-id=\"7ff970a\" data-element_type=\"column\">\n\t\t\t<div class=\"elementor-widget-wrap elementor-element-populated\">\n\t\t\t\t\t\t<div class=\"elementor-element elementor-element-988f114 elementor-widget elementor-widget-text-editor\" data-id=\"988f114\" data-element_type=\"widget\" data-widget_type=\"text-editor.default\">\n\t\t\t\t<div class=\"elementor-widget-container\">\n\t\t\t\t\t\t\t\t\t<p><strong data-rich-text-format-boundary=\"true\">Qigong\/ \u201eArbeit mit Qi\u201c<\/strong><br data-rich-text-line-break=\"true\" \/>Laut Meister Li ist Qi eine subtile Energie oder Substanz, die den Naturgesetzen\u00a0<br data-rich-text-line-break=\"true\" \/>unterworfen ist, wie alle anderen Energien und Substanzen. Es gibt kosmisches Qi, vorhanden im gesamten Universum und es gibt individuelles Qi, das alles Lebendige durchdringt. Im Qigong versucht man u. a. das individuelle Qi zu verst\u00e4rken und Zugang zum kosmischen Qi zu erhalten.<\/p><p>\u2022 Bewusstsein des Lichts aus Meditation und tiefer Ruhe<br data-rich-text-line-break=\"true\" \/>\u2022 Atmung \u2013 Die erste Quelle unserer Lebenskraft<br data-rich-text-line-break=\"true\" \/>\u2022 Lebensenergie im Mittelpunkt der Gesundheit<\/p><p>Die allgemein anerkannte Wirkung des Qigong als Selbstheilungsmethode ist die\u00a0<br data-rich-text-line-break=\"true\" \/>St\u00e4rkung von Stoffwechsel, Kreislauf und Nervensystem. Dar\u00fcber hinaus hat es eine\u00a0<br data-rich-text-line-break=\"true\" \/>heilende Wirkung auf seelischer und geistiger Ebene.<br data-rich-text-line-break=\"true\" \/>Seit 1989 lehrt Meister Li Stilles Qigong in Europa. In seinen Seminaren und Ausbildungslehrg\u00e4ngen gelingt es ihm den Teilnehmern das Wesentliche einfach und klar zu erschlie\u00dfen. Nach erfolgreichem Abschluss,erh\u00e4lt man ein Zertifikat zum Unterrichten des stillen Qigong.<\/p><p><strong data-rich-text-format-boundary=\"true\">Meister Li (Zitat):<\/strong>\u00a0<em>\u201eDas Wort Stille ist eine Methode. Es ist auch eine Haltung im Herzen. In dieser komplexen menschlichen Welt eine Stille und Ruhe im Geiste bewahren zu k\u00f6nnen, der Zeit entsprechen und ihr folgen, in den tiefsten Bereich deines inneren Herzens zu gelangen, im Moment leben, das Herz beruhigen und sich kultivieren. Wenn du beispielsweise die ganze Zeit ungl\u00fccklich bist, dann liegt das daran, dass du nie im Moment lebst und nie den feinen Geschmack des menschlichen Lebens kostest. Diesen feinen Geschmack des Lebens zu kosten, Herz, Seele und Geist zu reinigen, ohne Zweifel zu sein \u2013 dies ist ein Zustand, in dem man K\u00f6rper und Wesensnatur kultiviert und n\u00e4hrt.\u201c<\/em><\/p>\t\t\t\t\t\t\t\t<\/div>\n\t\t\t\t<\/div>\n\t\t\t\t\t<\/div>\n\t\t<\/div>\n\t\t\t\t\t<\/div>\n\t\t<\/section>\n\t\t\t\t<section class=\"elementor-section elementor-top-section elementor-element elementor-element-cafa4ec elementor-section-boxed elementor-section-height-default elementor-section-height-default\" data-id=\"cafa4ec\" data-element_type=\"section\">\n\t\t\t\t\t\t<div class=\"elementor-container elementor-column-gap-default\">\n\t\t\t\t\t<div class=\"elementor-column elementor-col-100 elementor-top-column elementor-element elementor-element-c44f186\" data-id=\"c44f186\" data-element_type=\"column\">\n\t\t\t<div class=\"elementor-widget-wrap elementor-element-populated\">\n\t\t\t\t\t\t<div class=\"elementor-element elementor-element-6fb0a36 elementor-widget elementor-widget-text-editor\" data-id=\"6fb0a36\" data-element_type=\"widget\" data-widget_type=\"text-editor.default\">\n\t\t\t\t<div class=\"elementor-widget-container\">\n\t\t\t\t\t\t\t\t\t<p><strong>Beschreibung<\/strong><\/p><p>Was ist Stilles Qigong? Stilles Qigong ist eine Art und Weise das Leben zu pflegen und zu n\u00e4hren, ein Weg um Ausgeglichenheit und Gesundheit zu erlangen. Durch das \u00dcben von Qigong k\u00f6nnen wir unseren Gesundheitszustand verbessern, Energie in F\u00fclle bewahren und unser Selbstvertrauen st\u00e4rken. Dar\u00fcber hinaus kann sich durch das \u00dcben von Qigong unsere Weisheit entfalten und wir k\u00f6nnen Zugang zu den in uns verborgen liegenden Kr\u00e4ften erlangen. Die Praxis hilft uns ebenso in unserem beruflichen Alltag, sowie im zwischenmenschlichen Miteinander. <\/p>\t\t\t\t\t\t\t\t<\/div>\n\t\t\t\t<\/div>\n\t\t\t\t\t<\/div>\n\t\t<\/div>\n\t\t\t\t\t<\/div>\n\t\t<\/section>\n\t\t\t\t<section class=\"elementor-section elementor-top-section elementor-element elementor-element-95afe75 elementor-section-boxed elementor-section-height-default elementor-section-height-default\" data-id=\"95afe75\" data-element_type=\"section\">\n\t\t\t\t\t\t<div class=\"elementor-container elementor-column-gap-default\">\n\t\t\t\t\t<div class=\"elementor-column elementor-col-100 elementor-top-column elementor-element elementor-element-26c7a38\" data-id=\"26c7a38\" data-element_type=\"column\">\n\t\t\t<div class=\"elementor-widget-wrap elementor-element-populated\">\n\t\t\t\t\t\t<div class=\"elementor-element elementor-element-cf816cf elementor-widget elementor-widget-text-editor\" data-id=\"cf816cf\" data-element_type=\"widget\" data-widget_type=\"text-editor.default\">\n\t\t\t\t<div class=\"elementor-widget-container\">\n\t\t\t\t\t\t\t\t\t<p><span style=\"color: #ff6600;\"><strong>Meister Zhi Chang Li wird auch in Zukunft regelm\u00e4\u00dfig Onlinekurse anbieten. F\u00fcr weitere Informationen stehen wir Ihnen gerne \u00fcber unsere Kontaktseite zur Verf\u00fcgung.<\/strong><\/span><\/p>\t\t\t\t\t\t\t\t<\/div>\n\t\t\t\t<\/div>\n\t\t\t\t\t<\/div>\n\t\t<\/div>\n\t\t\t\t\t<\/div>\n\t\t<\/section>\n\t\t\t\t<\/div>\n\t\t","protected":false},"excerpt":{"rendered":"<p>Die Schule des Meister Li Bereits im Kindesalter begann seine Ausbildung in Kampfk\u00fcnsten und chinesischer Medizin( sp\u00e4ter 21 Jahre Erfahrung als Arzt in Peking). Von 11 bedeutenden Meistern wurde er \u00fcber drei\u00dfig Jahre in verschiedenen Qigong- Disziplinen unterwiesen. Heute, selbst Gro\u00dfmeister, lehrt er die 3000 Jahre alte Kunst des Qigong. Zu diesem Zweck fasste Gro\u00dfmeister&hellip;<\/p>\n","protected":false},"author":1,"featured_media":0,"parent":0,"menu_order":0,"comment_status":"closed","ping_status":"closed","template":"","meta":{"footnotes":""},"class_list":["post-82","page","type-page","status-publish","hentry","no-post-thumbnail","post-grid-3-col","entry"],"_links":{"self":[{"href":"https:\/\/qigong-zentrum-muc.de\/index.php?rest_route=\/wp\/v2\/pages\/82","targetHints":{"allow":["GET"]}}],"collection":[{"href":"https:\/\/qigong-zentrum-muc.de\/index.php?rest_route=\/wp\/v2\/pages"}],"about":[{"href":"https:\/\/qigong-zentrum-muc.de\/index.php?rest_route=\/wp\/v2\/types\/page"}],"author":[{"embeddable":true,"href":"https:\/\/qigong-zentrum-muc.de\/index.php?rest_route=\/wp\/v2\/users\/1"}],"replies":[{"embeddable":true,"href":"https:\/\/qigong-zentrum-muc.de\/index.php?rest_route=%2Fwp%2Fv2%2Fcomments&post=82"}],"version-history":[{"count":18,"href":"https:\/\/qigong-zentrum-muc.de\/index.php?rest_route=\/wp\/v2\/pages\/82\/revisions"}],"predecessor-version":[{"id":359,"href":"https:\/\/qigong-zentrum-muc.de\/index.php?rest_route=\/wp\/v2\/pages\/82\/revisions\/359"}],"wp:attachment":[{"href":"https:\/\/qigong-zentrum-muc.de\/index.php?rest_route=%2Fwp%2Fv2%2Fmedia&parent=82"}],"curies":[{"name":"wp","href":"https:\/\/api.w.org\/{rel}","templated":true}]}}