{"id":66,"date":"2020-06-26T20:40:32","date_gmt":"2020-06-26T20:40:32","guid":{"rendered":"http:\/\/qigong-zentrum-muc.de\/?page_id=66"},"modified":"2025-01-21T15:03:22","modified_gmt":"2025-01-21T15:03:22","slug":"kontakt-impressum","status":"publish","type":"page","link":"https:\/\/qigong-zentrum-muc.de\/?page_id=66","title":{"rendered":"Kontakt \/ Impressum"},"content":{"rendered":"\t\t<div data-elementor-type=\"wp-page\" data-elementor-id=\"66\" class=\"elementor elementor-66\">\n\t\t\t\t\t\t<section class=\"elementor-section elementor-top-section elementor-element elementor-element-da83c80 elementor-section-boxed elementor-section-height-default elementor-section-height-default\" data-id=\"da83c80\" data-element_type=\"section\">\n\t\t\t\t\t\t<div class=\"elementor-container elementor-column-gap-default\">\n\t\t\t\t\t<div class=\"elementor-column elementor-col-100 elementor-top-column elementor-element elementor-element-b2b7c54\" data-id=\"b2b7c54\" data-element_type=\"column\">\n\t\t\t<div class=\"elementor-widget-wrap elementor-element-populated\">\n\t\t\t\t\t\t<div class=\"elementor-element elementor-element-ccc4145 elementor-widget elementor-widget-image\" data-id=\"ccc4145\" data-element_type=\"widget\" data-widget_type=\"image.default\">\n\t\t\t\t<div class=\"elementor-widget-container\">\n\t\t\t\t\t\t\t\t\t\t\t\t\t\t\t<img fetchpriority=\"high\" decoding=\"async\" width=\"1980\" height=\"700\" src=\"https:\/\/qigong-zentrum-muc.de\/wp-content\/uploads\/2020\/06\/Header_Impressum.jpg\" class=\"attachment-full size-full wp-image-166\" alt=\"\" srcset=\"https:\/\/qigong-zentrum-muc.de\/wp-content\/uploads\/2020\/06\/Header_Impressum.jpg 1980w, https:\/\/qigong-zentrum-muc.de\/wp-content\/uploads\/2020\/06\/Header_Impressum-300x106.jpg 300w, https:\/\/qigong-zentrum-muc.de\/wp-content\/uploads\/2020\/06\/Header_Impressum-1024x362.jpg 1024w, https:\/\/qigong-zentrum-muc.de\/wp-content\/uploads\/2020\/06\/Header_Impressum-768x272.jpg 768w, https:\/\/qigong-zentrum-muc.de\/wp-content\/uploads\/2020\/06\/Header_Impressum-1536x543.jpg 1536w\" sizes=\"(max-width: 1980px) 100vw, 1980px\" \/>\t\t\t\t\t\t\t\t\t\t\t\t\t\t\t<\/div>\n\t\t\t\t<\/div>\n\t\t\t\t\t<\/div>\n\t\t<\/div>\n\t\t\t\t\t<\/div>\n\t\t<\/section>\n\t\t\t\t<section class=\"elementor-section elementor-top-section elementor-element elementor-element-28fe727 elementor-section-boxed elementor-section-height-default elementor-section-height-default\" data-id=\"28fe727\" data-element_type=\"section\">\n\t\t\t\t\t\t<div class=\"elementor-container elementor-column-gap-default\">\n\t\t\t\t\t<div class=\"elementor-column elementor-col-100 elementor-top-column elementor-element elementor-element-810d14e\" data-id=\"810d14e\" data-element_type=\"column\">\n\t\t\t<div class=\"elementor-widget-wrap elementor-element-populated\">\n\t\t\t\t\t\t<div class=\"elementor-element elementor-element-637a0ca elementor-widget elementor-widget-spacer\" data-id=\"637a0ca\" data-element_type=\"widget\" data-widget_type=\"spacer.default\">\n\t\t\t\t<div class=\"elementor-widget-container\">\n\t\t\t\t\t\t\t<div class=\"elementor-spacer\">\n\t\t\t<div class=\"elementor-spacer-inner\"><\/div>\n\t\t<\/div>\n\t\t\t\t\t\t<\/div>\n\t\t\t\t<\/div>\n\t\t\t\t\t<\/div>\n\t\t<\/div>\n\t\t\t\t\t<\/div>\n\t\t<\/section>\n\t\t\t\t<section class=\"elementor-section elementor-top-section elementor-element elementor-element-0cce3fd elementor-section-boxed elementor-section-height-default elementor-section-height-default\" data-id=\"0cce3fd\" data-element_type=\"section\">\n\t\t\t\t\t\t<div class=\"elementor-container elementor-column-gap-default\">\n\t\t\t\t\t<div class=\"elementor-column elementor-col-100 elementor-top-column elementor-element elementor-element-f2ef965\" data-id=\"f2ef965\" data-element_type=\"column\">\n\t\t\t<div class=\"elementor-widget-wrap elementor-element-populated\">\n\t\t\t\t\t\t<div class=\"elementor-element elementor-element-2ccd73e elementor-widget elementor-widget-text-editor\" data-id=\"2ccd73e\" data-element_type=\"widget\" data-widget_type=\"text-editor.default\">\n\t\t\t\t<div class=\"elementor-widget-container\">\n\t\t\t\t\t\t\t\t\t<p><strong>Falls Sie uns noch eine Nachricht zukommen lassen m\u00f6chten, sind wir weiterhin online oder auf dem Postweg f\u00fcr Sie erreichbar.<\/strong><\/p>\t\t\t\t\t\t\t\t<\/div>\n\t\t\t\t<\/div>\n\t\t\t\t\t<\/div>\n\t\t<\/div>\n\t\t\t\t\t<\/div>\n\t\t<\/section>\n\t\t\t\t<section class=\"elementor-section elementor-top-section elementor-element elementor-element-e2dfc5c elementor-section-boxed elementor-section-height-default elementor-section-height-default\" data-id=\"e2dfc5c\" data-element_type=\"section\">\n\t\t\t\t\t\t<div class=\"elementor-container elementor-column-gap-default\">\n\t\t\t\t\t<div class=\"elementor-column elementor-col-100 elementor-top-column elementor-element elementor-element-a4f6030\" data-id=\"a4f6030\" data-element_type=\"column\">\n\t\t\t<div class=\"elementor-widget-wrap elementor-element-populated\">\n\t\t\t\t\t\t<div class=\"elementor-element elementor-element-8c1e65e elementor-widget elementor-widget-text-editor\" data-id=\"8c1e65e\" data-element_type=\"widget\" data-widget_type=\"text-editor.default\">\n\t\t\t\t<div class=\"elementor-widget-container\">\n\t\t\t\t\t\t\t\t\t<p><strong>Qigong Zentrum M\u00fcnchen<\/strong><br data-rich-text-line-break=\"true\" \/>Meister Zhi Chang Li &amp; Chou Lan Li<br data-rich-text-line-break=\"true\" \/>Leonhard-Strell-Strasse 1<br data-rich-text-line-break=\"true\" \/>85540 Gronsdorf\u00a0<br data-rich-text-line-break=\"true\" \/>Telefon: +49 (0) 151 27069116<br data-rich-text-line-break=\"true\" \/><a href=\"http:\/\/www.qigong-zentrum-muc.de\/\">https:\/\/www.qigong-zentrum-muc.de<\/a><\/p>\t\t\t\t\t\t\t\t<\/div>\n\t\t\t\t<\/div>\n\t\t\t\t\t<\/div>\n\t\t<\/div>\n\t\t\t\t\t<\/div>\n\t\t<\/section>\n\t\t\t\t<section class=\"elementor-section elementor-top-section elementor-element elementor-element-63c45fb elementor-section-boxed elementor-section-height-default elementor-section-height-default\" data-id=\"63c45fb\" data-element_type=\"section\">\n\t\t\t\t\t\t<div class=\"elementor-container elementor-column-gap-default\">\n\t\t\t\t\t<div class=\"elementor-column elementor-col-100 elementor-top-column elementor-element elementor-element-002dc53\" data-id=\"002dc53\" data-element_type=\"column\">\n\t\t\t<div class=\"elementor-widget-wrap elementor-element-populated\">\n\t\t\t\t\t\t<div class=\"elementor-element elementor-element-c0967d0 elementor-widget elementor-widget-text-editor\" data-id=\"c0967d0\" data-element_type=\"widget\" data-widget_type=\"text-editor.default\">\n\t\t\t\t<div class=\"elementor-widget-container\">\n\t\t\t\t\t\t\t\t\t<p>UST ID Nr 156030610<\/p><p>Gerichtsstand: M\u00fcnchen<\/p><p><a href=\"mailto:qigong-zentrum-muc@gmx.li\" data-rich-text-format-boundary=\"true\">qigong-zentrum-muc@gmx.li<\/a><\/p><p>Bilderrechte ausgenommen Buch- und CD Cover: S.Kit.<\/p>\t\t\t\t\t\t\t\t<\/div>\n\t\t\t\t<\/div>\n\t\t\t\t\t<\/div>\n\t\t<\/div>\n\t\t\t\t\t<\/div>\n\t\t<\/section>\n\t\t\t\t<section class=\"elementor-section elementor-top-section elementor-element elementor-element-bb3f640 elementor-section-boxed elementor-section-height-default elementor-section-height-default\" data-id=\"bb3f640\" data-element_type=\"section\">\n\t\t\t\t\t\t<div class=\"elementor-container elementor-column-gap-default\">\n\t\t\t\t\t<div class=\"elementor-column elementor-col-100 elementor-top-column elementor-element elementor-element-87cfd68\" data-id=\"87cfd68\" data-element_type=\"column\">\n\t\t\t<div class=\"elementor-widget-wrap elementor-element-populated\">\n\t\t\t\t\t\t<div class=\"elementor-element elementor-element-3a6fb1c elementor-widget elementor-widget-text-editor\" data-id=\"3a6fb1c\" data-element_type=\"widget\" data-widget_type=\"text-editor.default\">\n\t\t\t\t<div class=\"elementor-widget-container\">\n\t\t\t\t\t\t\t\t\t<p><strong data-rich-text-format-boundary=\"true\">Haftung f\u00fcr Inhalte<\/strong><\/p><p>Die Inhalte unserer Seiten wurden mit gr\u00f6\u00dfter Sorgfalt erstellt. F\u00fcr die Richtigkeit, Vollst\u00e4ndigkeit und Aktualit\u00e4t der Inhalte k\u00f6nnen wir jedoch keine Gew\u00e4hr \u00fcbernehmen. Als Diensteanbieter sind wir gem\u00e4\u00df \u00a7 7 Abs.1 TMG f\u00fcr eigene Inhalte auf diesen Seiten nach den allgemeinen Gesetzen verantwortlich. Nach \u00a7\u00a7 8 bis 10 TMG sind wir als Diensteanbieter jedoch nicht verpflichtet, \u00fcbermittelte oder gespeicherte fremde Informationen zu \u00fcberwachen oder nach Umst\u00e4nden zu forschen, die auf eine rechtswidrige T\u00e4tigkeit hinweisen. Verpflichtungen zur Entfernung oder Sperrung der Nutzung von Informationen nach den allgemeinen Gesetzen bleiben hiervon unber\u00fchrt. Eine diesbez\u00fcgliche Haftung ist jedoch erst ab dem Zeitpunkt der Kenntnis einer konkreten Rechtsverletzung m\u00f6glich. Bei Bekanntwerden von entsprechenden Rechtsverletzungen werden wir diese Inhalte umgehend entfernen.<\/p><p><strong data-rich-text-format-boundary=\"true\">Haftung f\u00fcr Links<\/strong><\/p><p>Unser Angebot enth\u00e4lt Links zu externen Webseiten Dritter, auf deren Inhalte wir keinen Einfluss haben. Deshalb k\u00f6nnen wir f\u00fcr diese fremden Inhalte auch keine Gew\u00e4hr \u00fcbernehmen. F\u00fcr die Inhalte der verlinkten Seiten ist stets der jeweilige Anbieter oder Betreiber der Seiten verantwortlich. Die verlinkten Seiten wurden zum Zeitpunkt der Verlinkung auf m\u00f6gliche Rechtsverst\u00f6\u00dfe \u00fcberpr\u00fcft. Rechtswidrige Inhalte waren zum Zeitpunkt der Verlinkung nicht erkennbar. Eine permanente inhaltliche Kontrolle der verlinkten Seiten ist jedoch ohne konkrete Anhaltspunkte einer Rechtsverletzung nicht zumutbar. Bei Bekanntwerden von Rechtsverletzungen werden wir derartige Links umgehend entfernen.<\/p>\t\t\t\t\t\t\t\t<\/div>\n\t\t\t\t<\/div>\n\t\t\t\t\t<\/div>\n\t\t<\/div>\n\t\t\t\t\t<\/div>\n\t\t<\/section>\n\t\t\t\t<\/div>\n\t\t","protected":false},"excerpt":{"rendered":"<p>Falls Sie uns noch eine Nachricht zukommen lassen m\u00f6chten, sind wir weiterhin online oder auf dem Postweg f\u00fcr Sie erreichbar. Qigong Zentrum M\u00fcnchenMeister Zhi Chang Li &amp; Chou Lan LiLeonhard-Strell-Strasse 185540 Gronsdorf\u00a0Telefon: +49 (0) 151 27069116https:\/\/www.qigong-zentrum-muc.de UST ID Nr 156030610 Gerichtsstand: M\u00fcnchen qigong-zentrum-muc@gmx.li Bilderrechte ausgenommen Buch- und CD Cover: S.Kit. Haftung f\u00fcr Inhalte Die Inhalte&hellip;<\/p>\n","protected":false},"author":1,"featured_media":0,"parent":0,"menu_order":0,"comment_status":"closed","ping_status":"closed","template":"","meta":{"footnotes":""},"class_list":["post-66","page","type-page","status-publish","hentry","no-post-thumbnail","post-grid-3-col","entry"],"_links":{"self":[{"href":"https:\/\/qigong-zentrum-muc.de\/index.php?rest_route=\/wp\/v2\/pages\/66","targetHints":{"allow":["GET"]}}],"collection":[{"href":"https:\/\/qigong-zentrum-muc.de\/index.php?rest_route=\/wp\/v2\/pages"}],"about":[{"href":"https:\/\/qigong-zentrum-muc.de\/index.php?rest_route=\/wp\/v2\/types\/page"}],"author":[{"embeddable":true,"href":"https:\/\/qigong-zentrum-muc.de\/index.php?rest_route=\/wp\/v2\/users\/1"}],"replies":[{"embeddable":true,"href":"https:\/\/qigong-zentrum-muc.de\/index.php?rest_route=%2Fwp%2Fv2%2Fcomments&post=66"}],"version-history":[{"count":16,"href":"https:\/\/qigong-zentrum-muc.de\/index.php?rest_route=\/wp\/v2\/pages\/66\/revisions"}],"predecessor-version":[{"id":344,"href":"https:\/\/qigong-zentrum-muc.de\/index.php?rest_route=\/wp\/v2\/pages\/66\/revisions\/344"}],"wp:attachment":[{"href":"https:\/\/qigong-zentrum-muc.de\/index.php?rest_route=%2Fwp%2Fv2%2Fmedia&parent=66"}],"curies":[{"name":"wp","href":"https:\/\/api.w.org\/{rel}","templated":true}]}}