{"id":48,"date":"2020-06-26T20:16:56","date_gmt":"2020-06-26T20:16:56","guid":{"rendered":"http:\/\/qigong-zentrum-muc.de\/?page_id=48"},"modified":"2025-01-22T18:03:22","modified_gmt":"2025-01-22T18:03:22","slug":"datenschutzerklaerung","status":"publish","type":"page","link":"https:\/\/qigong-zentrum-muc.de\/?page_id=48","title":{"rendered":"Datenschutzerkl\u00e4rung"},"content":{"rendered":"\t\t<div data-elementor-type=\"wp-page\" data-elementor-id=\"48\" class=\"elementor elementor-48\">\n\t\t\t\t\t\t<section class=\"elementor-section elementor-top-section elementor-element elementor-element-e94b271 elementor-section-boxed elementor-section-height-default elementor-section-height-default\" data-id=\"e94b271\" data-element_type=\"section\">\n\t\t\t\t\t\t<div class=\"elementor-container elementor-column-gap-default\">\n\t\t\t\t\t<div class=\"elementor-column elementor-col-100 elementor-top-column elementor-element elementor-element-2745275\" data-id=\"2745275\" data-element_type=\"column\">\n\t\t\t<div class=\"elementor-widget-wrap elementor-element-populated\">\n\t\t\t\t\t\t<div class=\"elementor-element elementor-element-753e84a elementor-widget elementor-widget-image\" data-id=\"753e84a\" data-element_type=\"widget\" data-widget_type=\"image.default\">\n\t\t\t\t<div class=\"elementor-widget-container\">\n\t\t\t\t\t\t\t\t\t\t\t\t\t\t\t<img fetchpriority=\"high\" decoding=\"async\" width=\"1980\" height=\"700\" src=\"https:\/\/qigong-zentrum-muc.de\/wp-content\/uploads\/2020\/06\/Header_Datenschutz.jpg\" class=\"attachment-full size-full wp-image-165\" alt=\"\" srcset=\"https:\/\/qigong-zentrum-muc.de\/wp-content\/uploads\/2020\/06\/Header_Datenschutz.jpg 1980w, https:\/\/qigong-zentrum-muc.de\/wp-content\/uploads\/2020\/06\/Header_Datenschutz-300x106.jpg 300w, https:\/\/qigong-zentrum-muc.de\/wp-content\/uploads\/2020\/06\/Header_Datenschutz-1024x362.jpg 1024w, https:\/\/qigong-zentrum-muc.de\/wp-content\/uploads\/2020\/06\/Header_Datenschutz-768x272.jpg 768w, https:\/\/qigong-zentrum-muc.de\/wp-content\/uploads\/2020\/06\/Header_Datenschutz-1536x543.jpg 1536w\" sizes=\"(max-width: 1980px) 100vw, 1980px\" \/>\t\t\t\t\t\t\t\t\t\t\t\t\t\t\t<\/div>\n\t\t\t\t<\/div>\n\t\t\t\t\t<\/div>\n\t\t<\/div>\n\t\t\t\t\t<\/div>\n\t\t<\/section>\n\t\t\t\t<section class=\"elementor-section elementor-top-section elementor-element elementor-element-40967f0 elementor-section-boxed elementor-section-height-default elementor-section-height-default\" data-id=\"40967f0\" data-element_type=\"section\">\n\t\t\t\t\t\t<div class=\"elementor-container elementor-column-gap-default\">\n\t\t\t\t\t<div class=\"elementor-column elementor-col-100 elementor-top-column elementor-element elementor-element-13b57e4\" data-id=\"13b57e4\" data-element_type=\"column\">\n\t\t\t<div class=\"elementor-widget-wrap elementor-element-populated\">\n\t\t\t\t\t\t<div class=\"elementor-element elementor-element-2de62bb elementor-widget elementor-widget-spacer\" data-id=\"2de62bb\" data-element_type=\"widget\" data-widget_type=\"spacer.default\">\n\t\t\t\t<div class=\"elementor-widget-container\">\n\t\t\t\t\t\t\t<div class=\"elementor-spacer\">\n\t\t\t<div class=\"elementor-spacer-inner\"><\/div>\n\t\t<\/div>\n\t\t\t\t\t\t<\/div>\n\t\t\t\t<\/div>\n\t\t\t\t\t<\/div>\n\t\t<\/div>\n\t\t\t\t\t<\/div>\n\t\t<\/section>\n\t\t\t\t<section class=\"elementor-section elementor-top-section elementor-element elementor-element-3d5e3d9 elementor-section-boxed elementor-section-height-default elementor-section-height-default\" data-id=\"3d5e3d9\" data-element_type=\"section\">\n\t\t\t\t\t\t<div class=\"elementor-container elementor-column-gap-default\">\n\t\t\t\t\t<div class=\"elementor-column elementor-col-100 elementor-top-column elementor-element elementor-element-fb5faf7\" data-id=\"fb5faf7\" data-element_type=\"column\">\n\t\t\t<div class=\"elementor-widget-wrap elementor-element-populated\">\n\t\t\t\t\t\t<div class=\"elementor-element elementor-element-f8e9328 elementor-widget elementor-widget-text-editor\" data-id=\"f8e9328\" data-element_type=\"widget\" data-widget_type=\"text-editor.default\">\n\t\t\t\t<div class=\"elementor-widget-container\">\n\t\t\t\t\t\t\t\t\t<p><strong>Datenschutz<\/strong><br data-rich-text-line-break=\"true\" \/>Sehr geehrte Nutzer\/-innen des Internet-Portals des Qigong Zentrum M\u00fcnchen, der Schutz Ihrer Privatsph\u00e4re hat f\u00fcr uns einen hohen Stellenwert. Mit nachfolgenden Informationen zum Datenschutz m\u00f6chten wir Sie \u00fcber unsere Handhabung zur Erhebung, Speicherung und Nutzung von personenbezogenen Daten informieren. Die Nutzung unserer Webseite ist in der Regel ohne Angabe personenbezogener Daten m\u00f6glich.\u00a0<\/p><p><strong data-rich-text-format-boundary=\"true\">Verantwortlicher<\/strong><br data-rich-text-line-break=\"true\" \/>Zhi Chang Li<br data-rich-text-line-break=\"true\" \/>Seminarhaus Gronsdorf\u00a0<br data-rich-text-line-break=\"true\" \/>Zentrum f\u00fcr Stilles Qigong\u00a0<br data-rich-text-line-break=\"true\" \/>Leonhard-Strell-Strasse 1<br data-rich-text-line-break=\"true\" \/>85540 Gronsdorf<br data-rich-text-line-break=\"true\" \/>Deutschland<br data-rich-text-line-break=\"true\" \/>Telefon: +49 \/ 151 \/ 27069116<br data-rich-text-line-break=\"true\" \/><a href=\"mailto:qigong-zentrum-muc@gmx.li\">qigong-zentrum-muc@gmx.li<\/a><\/p><p>Gesch\u00e4ftsf\u00fchrer \/ Inhaber: Zhi Chang Li<\/p><p><a href=\"https:\/\/www.qigong-zentrum-muc.de\/KontaktImpressum\"><strong>Link zum Impressum<\/strong><\/a><\/p><p><strong>Kontaktaufnahme mit personenbezogener Daten \u00fcber die Website des Qigong Zentrums M\u00fcnchen<\/strong><br data-rich-text-line-break=\"true\" \/>Grunds\u00e4tzlich erfolgt jegliche Kontaktaufnahme und Eingabe pers\u00f6nlicher Daten auf unserer Webseite freiwillig, d. h., Sie selbst entscheiden, ob und in welchem Umfang Sie uns Daten von sich bekannt geben m\u00f6chten. Solche Daten werden f\u00fcr die Kontaktaufnahme im Rahmen von Anfragen, Informationen oder Anregungen ben\u00f6tigt. Daten, die f\u00fcr die Erbringung eines konkret nachgefragten Dienstes erforderlich sind, werden mit einem Stern (*) als obligatorisch gekennzeichnet. Soweit auf unseren Seiten personenbezogene Daten (beispielsweise Name, Anschrift oder E-Mail-Adressen) erhoben werden sollten, erfolgen diese, soweit m\u00f6glich, stets auf freiwilliger Basis. Diese Daten werden ohne Ihre ausdr\u00fcckliche Zustimmung nicht an Dritte weitergegeben. Wir weisen darauf hin, dass die Daten\u00fcbertragung im Internet (z.B. bei der Kommunikation per E-Mail) Sicherheitsl\u00fccken aufweisen kann. Ein l\u00fcckenloser Schutz der Daten vor dem Zugriff durch Dritte ist nicht m\u00f6glich.<br data-rich-text-line-break=\"true\" \/><br data-rich-text-line-break=\"true\" \/><strong data-rich-text-format-boundary=\"true\">Nutzungsdaten<\/strong><br data-rich-text-line-break=\"true\" \/>Um die Qualit\u00e4t dieser Webseiten zu verbessern, speichern wir zu statistischen Zwecken Daten \u00fcber Zugriffe auf unsere Seiten. Dieser Datensatz besteht aus<br data-rich-text-line-break=\"true\" \/>\u2022 der Seite, von der aus die Datei angefordert wurde,<br data-rich-text-line-break=\"true\" \/>\u2022 dem Namen der Datei,<br data-rich-text-line-break=\"true\" \/>\u2022 dem Datum und der Uhrzeit der Abfrage,<br data-rich-text-line-break=\"true\" \/>\u2022 der \u00fcbertragenen Datenmenge,<br data-rich-text-line-break=\"true\" \/>\u2022 dem Zugriffsstatus (Datei \u00fcbertragen, Datei nicht gefunden),<br data-rich-text-line-break=\"true\" \/>\u2022 der Beschreibung des Typs des verwendeten Webbrowsers und<br data-rich-text-line-break=\"true\" \/>\u2022 der IP-Adresse des anfragenden Rechners.<\/p><p><strong data-rich-text-format-boundary=\"true\">Google Analytics<\/strong><br data-rich-text-line-break=\"true\" \/>Dieses Webseite benutzt Google Analytics, einen Webanalysedienst der Google Inc. (\u201eGoogle\u201c). Anbieter ist die Google Inc. 1600 Amphitheatre Parkway Mountain View, CA 94043, USA. Google Analytics verwendet sog. \u201eCookies\u201c, Textdateien, die auf Computer der Nutzer gespeichert werden und die eine Analyse der Benutzung der Website durch sie erm\u00f6glichen. Die durch den Cookie erzeugten Informationen \u00fcber Benutzung dieser Website durch die Nutzer werden in der Regel an einen Server von Google in den USA \u00fcbertragen und dort gespeichert.<br data-rich-text-line-break=\"true\" \/>Im Falle der Aktivierung der IP-Anonymisierung auf dieser Webseite, wird die IP-Adresse der Nutzer von Google jedoch innerhalb von Mitgliedstaaten der Europ\u00e4ischen Union oder in anderen Vertragsstaaten des Abkommens \u00fcber den Europ\u00e4ischen Wirtschaftsraum zuvor gek\u00fcrzt. Nur in Ausnahmef\u00e4llen wird die volle IP-Adresse an einen Server von Google in den USA \u00fcbertragen und dort gek\u00fcrzt. Die IP-Anonymisierung ist auf dieser Website aktiv. Im Auftrag des Betreibers dieser Website wird Google diese Informationen benutzen, um die Nutzung der Website durch die Nutzer auszuwerten, um Reports \u00fcber die Websiteaktivit\u00e4ten zusammenzustellen und um weitere mit der Websitenutzung und der Internetnutzung verbundene Dienstleistungen gegen\u00fcber dem Websitebetreiber zu erbringen.<br data-rich-text-line-break=\"true\" \/>Die im Rahmen von Google Analytics von Ihrem Browser \u00fcbermittelte IP-Adresse wird nicht mit anderen Daten von Google zusammengef\u00fchrt. Die Nutzer k\u00f6nnen die Speicherung der Cookies durch eine entsprechende Einstellung Ihrer Browser-Software verhindern; Dieses Angebot weist die Nutzer jedoch darauf hin, dass Sie in diesem Fall gegebenenfalls nicht s\u00e4mtliche Funktionen dieser Website vollumf\u00e4nglich werden nutzen k\u00f6nnen. Die Nutzer k\u00f6nnen dar\u00fcber hinaus die Erfassung der durch das Cookie erzeugten und auf ihre Nutzung der Website bezogenen Daten (inkl. Ihrer IP-Adresse) an Google sowie die Verarbeitung dieser Daten durch Google verhindern, indem sie das unter dem folgenden Link verf\u00fcgbare Browser-Plugin herunterladen und installieren:\u00a0<a href=\"https:\/\/tools.google.com\/dlpage\/gaoptout?hl=de\" target=\"_blank\" rel=\"noreferrer noopener\">https:\/\/tools.google.com\/dlpage\/gaoptout?hl=de<\/a>.<br data-rich-text-line-break=\"true\" \/>Alternativ zum Browser-Add-On oder innerhalb von Browsern auf mobilen Ger\u00e4ten, klicken Sie bitte diesen Link, um die Erfassung durch Google Analytics innerhalb dieser Website zuk\u00fcnftig zu verhindern. Dabei wird ein Opt-Out-Cookie auf Ihrem Ger\u00e4t abgelegt. L\u00f6schen Sie Ihre Cookies, m\u00fcssen Sie diesen Link erneut klicken.<\/p><p><strong data-rich-text-format-boundary=\"true\">Auskunftsrecht<\/strong>\u00a0<br data-rich-text-line-break=\"true\" \/>Sie haben jederzeit das Recht auf unentgeltliche Auskunft \u00fcber Ihre gespeicherten personenbezogenen Daten, deren Herkunft und Empf\u00e4nger und den Zweck der Datenverarbeitung sowie ein Recht auf Berichtigung, Sperrung oder L\u00f6schung dieser Daten. Das Qigong Zentrum M\u00fcnchen wird gerne auf alle angemessenen Anfragen zur Einsicht in und Berichtigung, Erg\u00e4nzung oder L\u00f6schung von personenbezogenen Daten reagieren. Kontaktieren Sie uns hierf\u00fcr einfach \u00fcber:<br data-rich-text-line-break=\"true\" \/><br data-rich-text-line-break=\"true\" \/>Qigong Zentrum M\u00fcnchen<br data-rich-text-line-break=\"true\" \/>Leonhard-Strell-Strasse 1<br data-rich-text-line-break=\"true\" \/>85540 Gronsdorf<br data-rich-text-line-break=\"true\" \/>Deutschland<br data-rich-text-line-break=\"true\" \/>Telefon: +49 \/ 151 \/ 27069116<br data-rich-text-line-break=\"true\" \/>Deutschland<br data-rich-text-line-break=\"true\" \/><a href=\"mailto:Qigong-zentrum-muc@gmx.li\">Qigong-zentrum-muc@gmx.li<\/a><\/p><p><strong data-rich-text-format-boundary=\"true\">Server Log Files<\/strong><br data-rich-text-line-break=\"true\" \/>Der Provider der Seiten erhebt und speichert automatisch Informationen in so genannten Server-Log Files, die Ihr Browser automatisch an uns \u00fcbermittelt. Es handelt sich hierbei um:<br data-rich-text-line-break=\"true\" \/>Browsertyp\/ Browserversion<br data-rich-text-line-break=\"true\" \/>verwendetes Betriebssystem<br data-rich-text-line-break=\"true\" \/>Referrer URL<br data-rich-text-line-break=\"true\" \/>Hostname des zugreifenden Rechners<br data-rich-text-line-break=\"true\" \/>Uhrzeit der Serveranfrage<br data-rich-text-line-break=\"true\" \/>Diese Daten sind nicht bestimmten Personen zuordenbar. Eine Zusammenf\u00fchrung dieser Daten mit anderen Datenquellen wird nicht vorgenommen. Wir behalten uns vor, diese Daten nachtr\u00e4glich zu pr\u00fcfen, wenn uns konkrete Anhaltspunkte f\u00fcr eine rechtswidrige Nutzung bekannt werden.<\/p><p><strong data-rich-text-format-boundary=\"true\">Cookies<\/strong><br data-rich-text-line-break=\"true\" \/>Unsere Website verwendet Cookies. Cookies sind kleine Textdateien, die Ihr Webbrowser auf Ihrem Endger\u00e4t speichert. Cookies helfen uns dabei, unser Angebot nutzerfreundlicher, effektiver und sicherer zu machen.\u00a0<br data-rich-text-line-break=\"true\" \/>Einige Cookies sind \u201cSession-Cookies.\u201d Solche Cookies werden nach Ende Ihrer Browser-Sitzung von selbst gel\u00f6scht. Andere Cookies hingegen bleiben auf Ihrem Endger\u00e4t bestehen, bis Sie diese selbst l\u00f6schen. Solche Cookies helfen uns, Sie bei R\u00fcckkehr auf unserer Website wiederzuerkennen.<br data-rich-text-line-break=\"true\" \/>Mit einem modernen Webbrowser k\u00f6nnen Sie das Setzen von Cookies \u00fcberwachen, einschr\u00e4nken oder unterbinden. Viele Webbrowser lassen sich so konfigurieren, dass Cookies mit dem Schlie\u00dfen des Programms von selbst gel\u00f6scht werden. Die Deaktivierung von Cookies kann eine eingeschr\u00e4nkte Funktionalit\u00e4t unserer Website zur Folge haben.<br data-rich-text-line-break=\"true\" \/>Das Setzen von Cookies, die zur Aus\u00fcbung elektronischer Kommunikationsvorg\u00e4nge oder der Bereitstellung bestimmter, von Ihnen erw\u00fcnschter Funktionen notwendig sind, erfolgt auf Grundlage von Art. 6 Abs. 1 lit. f DSGVO. Als Betreiber dieser Website haben wir ein berechtigtes Interesse an der Speicherung von Cookies zur technisch fehlerfreien und reibungslosen Bereitstellung unserer Dienste. Sofern die Setzung anderer Cookies (z.B. f\u00fcr Analyse-Funktionen) erfolgt, werden diese in dieser Datenschutzerkl\u00e4rung separat behandelt.<\/p><p><strong data-rich-text-format-boundary=\"true\">SSL- bzw. TLS-Verschl\u00fcsselung<\/strong><br data-rich-text-line-break=\"true\" \/>Aus Sicherheitsgr\u00fcnden und zum Schutz der \u00dcbertragung vertraulicher Inhalte, die Sie an uns als Seitenbetreiber senden, nutzt unsere Website eine SSL-bzw. TLS-Verschl\u00fcsselung. Damit sind Daten, die Sie \u00fcber diese Website \u00fcbermitteln, f\u00fcr Dritte nicht mitlesbar. Sie erkennen eine verschl\u00fcsselte Verbindung an der \u201ehttps:\/\/\u201c Adresszeile Ihres Browsers und am Schloss-Symbol in der Browserzeile.<\/p><p><strong data-rich-text-format-boundary=\"true\">Newsletterdaten<\/strong><br data-rich-text-line-break=\"true\" \/>Wenn Sie einen von uns angebotenen Newsletter beziehen m\u00f6chten, ben\u00f6tigen wir von Ihnen eine E-Mail-Adresse sowie Informationen, welche uns die \u00dcberpr\u00fcfung gestatten, dass Sie der Inhaber der angegebenen E-Mail-Adresse sind und mit dem Empfang des Newsletters einverstanden sind. Weitere Daten werden nicht erhoben. Diese Daten verwenden wir ausschlie\u00dflich f\u00fcr den Versand der angeforderten Informationen und geben sie nicht an Dritte weiter. Die erteilte Einwilligung zur Speicherung der Daten, der E-Mail-Adresse sowie deren Nutzung zum Versand des Newsletters k\u00f6nnen Sie jederzeit widerrufen, indem sie uns das einfach per Email mitteilen.\u00a0<\/p><p><strong data-rich-text-format-boundary=\"true\">Recht auf Beschwerde bei der zust\u00e4ndigen Aufsichtsbeh\u00f6rde<\/strong><br data-rich-text-line-break=\"true\" \/>Als Betroffener steht Ihnen im Falle eines datenschutzrechtlichen Versto\u00dfes ein Beschwerderecht bei der zust\u00e4ndigen Aufsichtsbeh\u00f6rde zu. Zust\u00e4ndige Aufsichtsbeh\u00f6rde bez\u00fcglich datenschutzrechtlicher Fragen ist der Landesdatenschutzbeauftragte des Bundeslandes, in dem sich der Sitz unseres Unternehmens befindet. Der folgende Link stellt eine Liste der Datenschutzbeauftragten sowie deren Kontaktdaten bereit:\u00a0<a href=\"https:\/\/www.bfdi.bund.de\/DE\/Infothek\/Anschriften_Links\/anschriften_links-node.html\" target=\"_blank\" rel=\"noreferrer noopener\">https:\/\/www.bfdi.bund.de\/DE\/Infothek\/Anschriften_Links\/anschriften_links-node.html<\/a>.<\/p>\t\t\t\t\t\t\t\t<\/div>\n\t\t\t\t<\/div>\n\t\t\t\t\t<\/div>\n\t\t<\/div>\n\t\t\t\t\t<\/div>\n\t\t<\/section>\n\t\t\t\t<\/div>\n\t\t","protected":false},"excerpt":{"rendered":"<p>DatenschutzSehr geehrte Nutzer\/-innen des Internet-Portals des Qigong Zentrum M\u00fcnchen, der Schutz Ihrer Privatsph\u00e4re hat f\u00fcr uns einen hohen Stellenwert. Mit nachfolgenden Informationen zum Datenschutz m\u00f6chten wir Sie \u00fcber unsere Handhabung zur Erhebung, Speicherung und Nutzung von personenbezogenen Daten informieren. Die Nutzung unserer Webseite ist in der Regel ohne Angabe personenbezogener Daten m\u00f6glich.\u00a0 VerantwortlicherZhi Chang LiSeminarhaus&hellip;<\/p>\n","protected":false},"author":1,"featured_media":0,"parent":0,"menu_order":0,"comment_status":"closed","ping_status":"closed","template":"","meta":{"footnotes":""},"class_list":["post-48","page","type-page","status-publish","hentry","no-post-thumbnail","post-grid-3-col","entry"],"_links":{"self":[{"href":"https:\/\/qigong-zentrum-muc.de\/index.php?rest_route=\/wp\/v2\/pages\/48","targetHints":{"allow":["GET"]}}],"collection":[{"href":"https:\/\/qigong-zentrum-muc.de\/index.php?rest_route=\/wp\/v2\/pages"}],"about":[{"href":"https:\/\/qigong-zentrum-muc.de\/index.php?rest_route=\/wp\/v2\/types\/page"}],"author":[{"embeddable":true,"href":"https:\/\/qigong-zentrum-muc.de\/index.php?rest_route=\/wp\/v2\/users\/1"}],"replies":[{"embeddable":true,"href":"https:\/\/qigong-zentrum-muc.de\/index.php?rest_route=%2Fwp%2Fv2%2Fcomments&post=48"}],"version-history":[{"count":8,"href":"https:\/\/qigong-zentrum-muc.de\/index.php?rest_route=\/wp\/v2\/pages\/48\/revisions"}],"predecessor-version":[{"id":373,"href":"https:\/\/qigong-zentrum-muc.de\/index.php?rest_route=\/wp\/v2\/pages\/48\/revisions\/373"}],"wp:attachment":[{"href":"https:\/\/qigong-zentrum-muc.de\/index.php?rest_route=%2Fwp%2Fv2%2Fmedia&parent=48"}],"curies":[{"name":"wp","href":"https:\/\/api.w.org\/{rel}","templated":true}]}}