{"id":42,"date":"2020-06-26T19:57:02","date_gmt":"2020-06-26T19:57:02","guid":{"rendered":"http:\/\/qigong-zentrum-muc.de\/?page_id=42"},"modified":"2020-06-26T22:55:41","modified_gmt":"2020-06-26T22:55:41","slug":"allgemeine-informationen","status":"publish","type":"page","link":"https:\/\/qigong-zentrum-muc.de\/?page_id=42","title":{"rendered":"Allgemeine Informationen"},"content":{"rendered":"\t\t<div data-elementor-type=\"wp-page\" data-elementor-id=\"42\" class=\"elementor elementor-42\">\n\t\t\t\t\t\t<section class=\"elementor-section elementor-top-section elementor-element elementor-element-a242739 elementor-section-boxed elementor-section-height-default elementor-section-height-default\" data-id=\"a242739\" data-element_type=\"section\">\n\t\t\t\t\t\t<div class=\"elementor-container elementor-column-gap-default\">\n\t\t\t\t\t<div class=\"elementor-column elementor-col-100 elementor-top-column elementor-element elementor-element-85056e5\" data-id=\"85056e5\" data-element_type=\"column\">\n\t\t\t<div class=\"elementor-widget-wrap elementor-element-populated\">\n\t\t\t\t\t\t<div class=\"elementor-element elementor-element-8f09902 elementor-widget elementor-widget-image\" data-id=\"8f09902\" data-element_type=\"widget\" data-widget_type=\"image.default\">\n\t\t\t\t<div class=\"elementor-widget-container\">\n\t\t\t\t\t\t\t\t\t\t\t\t\t\t\t<img fetchpriority=\"high\" decoding=\"async\" width=\"1980\" height=\"700\" src=\"https:\/\/qigong-zentrum-muc.de\/wp-content\/uploads\/2020\/06\/Header_AllgemeineInfos.jpg\" class=\"attachment-full size-full wp-image-181\" alt=\"\" srcset=\"https:\/\/qigong-zentrum-muc.de\/wp-content\/uploads\/2020\/06\/Header_AllgemeineInfos.jpg 1980w, https:\/\/qigong-zentrum-muc.de\/wp-content\/uploads\/2020\/06\/Header_AllgemeineInfos-300x106.jpg 300w, https:\/\/qigong-zentrum-muc.de\/wp-content\/uploads\/2020\/06\/Header_AllgemeineInfos-1024x362.jpg 1024w, https:\/\/qigong-zentrum-muc.de\/wp-content\/uploads\/2020\/06\/Header_AllgemeineInfos-768x272.jpg 768w, https:\/\/qigong-zentrum-muc.de\/wp-content\/uploads\/2020\/06\/Header_AllgemeineInfos-1536x543.jpg 1536w\" sizes=\"(max-width: 1980px) 100vw, 1980px\" \/>\t\t\t\t\t\t\t\t\t\t\t\t\t\t\t<\/div>\n\t\t\t\t<\/div>\n\t\t\t\t\t<\/div>\n\t\t<\/div>\n\t\t\t\t\t<\/div>\n\t\t<\/section>\n\t\t\t\t<section class=\"elementor-section elementor-top-section elementor-element elementor-element-937352f elementor-section-boxed elementor-section-height-default elementor-section-height-default\" data-id=\"937352f\" data-element_type=\"section\">\n\t\t\t\t\t\t<div class=\"elementor-container elementor-column-gap-default\">\n\t\t\t\t\t<div class=\"elementor-column elementor-col-100 elementor-top-column elementor-element elementor-element-44076d7\" data-id=\"44076d7\" data-element_type=\"column\">\n\t\t\t<div class=\"elementor-widget-wrap elementor-element-populated\">\n\t\t\t\t\t\t<div class=\"elementor-element elementor-element-32e2d94 elementor-widget elementor-widget-spacer\" data-id=\"32e2d94\" data-element_type=\"widget\" data-widget_type=\"spacer.default\">\n\t\t\t\t<div class=\"elementor-widget-container\">\n\t\t\t\t\t\t\t<div class=\"elementor-spacer\">\n\t\t\t<div class=\"elementor-spacer-inner\"><\/div>\n\t\t<\/div>\n\t\t\t\t\t\t<\/div>\n\t\t\t\t<\/div>\n\t\t\t\t\t<\/div>\n\t\t<\/div>\n\t\t\t\t\t<\/div>\n\t\t<\/section>\n\t\t\t\t<section class=\"elementor-section elementor-top-section elementor-element elementor-element-dc35dec elementor-section-boxed elementor-section-height-default elementor-section-height-default\" data-id=\"dc35dec\" data-element_type=\"section\">\n\t\t\t\t\t\t<div class=\"elementor-container elementor-column-gap-default\">\n\t\t\t\t\t<div class=\"elementor-column elementor-col-100 elementor-top-column elementor-element elementor-element-2b3e9ad\" data-id=\"2b3e9ad\" data-element_type=\"column\">\n\t\t\t<div class=\"elementor-widget-wrap elementor-element-populated\">\n\t\t\t\t\t\t<section class=\"elementor-section elementor-inner-section elementor-element elementor-element-faf35bd elementor-section-boxed elementor-section-height-default elementor-section-height-default\" data-id=\"faf35bd\" data-element_type=\"section\">\n\t\t\t\t\t\t<div class=\"elementor-container elementor-column-gap-default\">\n\t\t\t\t\t<div class=\"elementor-column elementor-col-50 elementor-inner-column elementor-element elementor-element-1eee637\" data-id=\"1eee637\" data-element_type=\"column\">\n\t\t\t<div class=\"elementor-widget-wrap elementor-element-populated\">\n\t\t\t\t\t\t<div class=\"elementor-element elementor-element-e723604 elementor-widget elementor-widget-image\" data-id=\"e723604\" data-element_type=\"widget\" data-widget_type=\"image.default\">\n\t\t\t\t<div class=\"elementor-widget-container\">\n\t\t\t\t\t\t\t\t\t\t\t\t\t\t\t<img decoding=\"async\" width=\"221\" height=\"365\" src=\"https:\/\/qigong-zentrum-muc.de\/wp-content\/uploads\/2020\/06\/ZhiChangLi.png\" class=\"attachment-large size-large wp-image-19\" alt=\"\" srcset=\"https:\/\/qigong-zentrum-muc.de\/wp-content\/uploads\/2020\/06\/ZhiChangLi.png 221w, https:\/\/qigong-zentrum-muc.de\/wp-content\/uploads\/2020\/06\/ZhiChangLi-182x300.png 182w\" sizes=\"(max-width: 221px) 100vw, 221px\" \/>\t\t\t\t\t\t\t\t\t\t\t\t\t\t\t<\/div>\n\t\t\t\t<\/div>\n\t\t\t\t\t<\/div>\n\t\t<\/div>\n\t\t\t\t<div class=\"elementor-column elementor-col-50 elementor-inner-column elementor-element elementor-element-fca476f\" data-id=\"fca476f\" data-element_type=\"column\">\n\t\t\t<div class=\"elementor-widget-wrap elementor-element-populated\">\n\t\t\t\t\t\t<div class=\"elementor-element elementor-element-069e676 elementor-widget elementor-widget-text-editor\" data-id=\"069e676\" data-element_type=\"widget\" data-widget_type=\"text-editor.default\">\n\t\t\t\t<div class=\"elementor-widget-container\">\n\t\t\t\t\t\t\t\t\t<p><strong data-rich-text-format-boundary=\"true\">QIGONG UND GESUNDHEIT<\/strong> <br data-rich-text-line-break=\"true\" \/>Heute zweifelt niemand mehr daran, dass K\u00f6rper und Geist in Zusammenhang stehen. Aber wie nutzt man diesen Umstand f\u00fcr seine Gesundheit, das k\u00f6rperliche und geistige Wohlbefinden?\u00a0<br \/><br \/>Das stille Qigong gibt uns die M\u00f6glichkeit, Bedingungen in uns zu schaffen, die uns bef\u00e4higen, unsere Gesundheit zu bewahren. Dar\u00fcber hinaus ist es sogar m\u00f6glich, die Gesundheit wieder zu erhalten, wenn der K\u00f6rper alleine nicht mehr dazu in der Lage ist.\u00a0<br \/><br \/>Durch die \u00dcbungen des stillen Qigong erlernt man aus der Stille, den innere Qi-Fluss, der in jedem Lebewesen innen wohnenden Lebenskraft anzuregen und daraus heilende Kraft zu sch\u00f6pfen.Durch gezieltes \u00dcben l\u00f6sen sich Blockaden, die Organe f\u00fcllen sich mit lebenswichtigem Qi, wodurch ihre Funktion belebt und gest\u00e4rkt wird.\u00a0<\/p>\t\t\t\t\t\t\t\t<\/div>\n\t\t\t\t<\/div>\n\t\t\t\t\t<\/div>\n\t\t<\/div>\n\t\t\t\t\t<\/div>\n\t\t<\/section>\n\t\t\t\t\t<\/div>\n\t\t<\/div>\n\t\t\t\t\t<\/div>\n\t\t<\/section>\n\t\t\t\t<section class=\"elementor-section elementor-top-section elementor-element elementor-element-044577b elementor-section-boxed elementor-section-height-default elementor-section-height-default\" data-id=\"044577b\" data-element_type=\"section\">\n\t\t\t\t\t\t<div class=\"elementor-container elementor-column-gap-default\">\n\t\t\t\t\t<div class=\"elementor-column elementor-col-100 elementor-top-column elementor-element elementor-element-bb7ffa3\" data-id=\"bb7ffa3\" data-element_type=\"column\">\n\t\t\t<div class=\"elementor-widget-wrap elementor-element-populated\">\n\t\t\t\t\t\t<div class=\"elementor-element elementor-element-56944a8 elementor-widget elementor-widget-text-editor\" data-id=\"56944a8\" data-element_type=\"widget\" data-widget_type=\"text-editor.default\">\n\t\t\t\t<div class=\"elementor-widget-container\">\n\t\t\t\t\t\t\t\t\t<p>Gem\u00e4\u00df der TCM stehen alle Organe miteinander in direkter oder indirekter Verbindung. Mit Hilfe der Qigong-\u00dcbungen wird das gegenseitige Zusammenwirken der Organe harmonisiert und somit der K\u00f6rper in einer Selbstheilungskraft unterst\u00fctzt. Jeder Mensch, unabh\u00e4ngig vom Alter kann stilles Qigong erlernen.<\/p><p>Das wertvolle Qi stellt die Br\u00fccke zwischen der Essenz und dem Geist dar. Das Arbeiten auf der Qi-Ebene ist ein Prozess der inneren Kultivierung, in welcher jeder Mensch k\u00f6rperlich und geistig Gewinn erlangen und den Zugang zu seinen tiefen F\u00e4higkeiten finden kann. So schult Jing Gong die Einsicht in die notwendigen Prozesse des seelischen, geistigen und physischen K\u00f6rpers.<\/p><p>DER WEG DER STILLE<\/p><p>Verweilen bis die Stille uns erreicht\u00a0<\/p><p>Meister Zhi Chang Li vermittelt in seinen Kursen neben Qigong auf der Basis des Daoismus auch \u00dcbungen, Methoden und Prinzipien des Buddhismus, Zen und anderen Bereichen sowie Grundlagen der TCM nach Methoden der traditionellen \u00dcberlieferung.<\/p><p>In seinen Seminaren bef\u00e4higt Meister Li den Teilnehmer jene Stille zu erreichen, die erforderlich ist, den Weg der inneren Kultivierung zu gehen. Meister Li lehrt uns, in unseren unterschiedlichen Schichten die Essenz zu trainieren, um das Qi zu erhalten &#8211; das Qi zu \u00fcben, um den Geist zu entfalten \u2014 den Geist zu trainieren, um in den Urzustand des WU-WEI zur\u00fcck zu kehren. Das ist der Weg der Stille.<\/p>\t\t\t\t\t\t\t\t<\/div>\n\t\t\t\t<\/div>\n\t\t\t\t\t<\/div>\n\t\t<\/div>\n\t\t\t\t\t<\/div>\n\t\t<\/section>\n\t\t\t\t<\/div>\n\t\t","protected":false},"excerpt":{"rendered":"<p>QIGONG UND GESUNDHEIT Heute zweifelt niemand mehr daran, dass K\u00f6rper und Geist in Zusammenhang stehen. Aber wie nutzt man diesen Umstand f\u00fcr seine Gesundheit, das k\u00f6rperliche und geistige Wohlbefinden?\u00a0 Das stille Qigong gibt uns die M\u00f6glichkeit, Bedingungen in uns zu schaffen, die uns bef\u00e4higen, unsere Gesundheit zu bewahren. Dar\u00fcber hinaus ist es sogar m\u00f6glich, die&hellip;<\/p>\n","protected":false},"author":1,"featured_media":0,"parent":0,"menu_order":0,"comment_status":"closed","ping_status":"closed","template":"","meta":{"footnotes":""},"class_list":["post-42","page","type-page","status-publish","hentry","no-post-thumbnail","post-grid-3-col","entry"],"_links":{"self":[{"href":"https:\/\/qigong-zentrum-muc.de\/index.php?rest_route=\/wp\/v2\/pages\/42","targetHints":{"allow":["GET"]}}],"collection":[{"href":"https:\/\/qigong-zentrum-muc.de\/index.php?rest_route=\/wp\/v2\/pages"}],"about":[{"href":"https:\/\/qigong-zentrum-muc.de\/index.php?rest_route=\/wp\/v2\/types\/page"}],"author":[{"embeddable":true,"href":"https:\/\/qigong-zentrum-muc.de\/index.php?rest_route=\/wp\/v2\/users\/1"}],"replies":[{"embeddable":true,"href":"https:\/\/qigong-zentrum-muc.de\/index.php?rest_route=%2Fwp%2Fv2%2Fcomments&post=42"}],"version-history":[{"count":4,"href":"https:\/\/qigong-zentrum-muc.de\/index.php?rest_route=\/wp\/v2\/pages\/42\/revisions"}],"predecessor-version":[{"id":182,"href":"https:\/\/qigong-zentrum-muc.de\/index.php?rest_route=\/wp\/v2\/pages\/42\/revisions\/182"}],"wp:attachment":[{"href":"https:\/\/qigong-zentrum-muc.de\/index.php?rest_route=%2Fwp%2Fv2%2Fmedia&parent=42"}],"curies":[{"name":"wp","href":"https:\/\/api.w.org\/{rel}","templated":true}]}}