{"id":154,"date":"2020-06-26T22:22:49","date_gmt":"2020-06-26T22:22:49","guid":{"rendered":"http:\/\/qigong-zentrum-muc.de\/?page_id=154"},"modified":"2025-01-21T15:15:01","modified_gmt":"2025-01-21T15:15:01","slug":"startseite","status":"publish","type":"page","link":"https:\/\/qigong-zentrum-muc.de\/","title":{"rendered":"Startseite"},"content":{"rendered":"\t\t<div data-elementor-type=\"wp-page\" data-elementor-id=\"154\" class=\"elementor elementor-154\">\n\t\t\t\t\t\t<section class=\"elementor-section elementor-top-section elementor-element elementor-element-5de4c0f elementor-section-boxed elementor-section-height-default elementor-section-height-default\" data-id=\"5de4c0f\" data-element_type=\"section\">\n\t\t\t\t\t\t<div class=\"elementor-container elementor-column-gap-default\">\n\t\t\t\t\t<div class=\"elementor-column elementor-col-100 elementor-top-column elementor-element elementor-element-2885cf4\" data-id=\"2885cf4\" data-element_type=\"column\">\n\t\t\t<div class=\"elementor-widget-wrap elementor-element-populated\">\n\t\t\t\t\t\t<div class=\"elementor-element elementor-element-51ccc07 elementor-widget__width-inherit elementor-widget elementor-widget-image\" data-id=\"51ccc07\" data-element_type=\"widget\" data-widget_type=\"image.default\">\n\t\t\t\t<div class=\"elementor-widget-container\">\n\t\t\t\t\t\t\t\t\t\t\t\t\t\t\t<img fetchpriority=\"high\" decoding=\"async\" width=\"1980\" height=\"700\" src=\"https:\/\/qigong-zentrum-muc.de\/wp-content\/uploads\/2020\/06\/Header_Startseite.jpg\" class=\"attachment-full size-full wp-image-172\" alt=\"\" srcset=\"https:\/\/qigong-zentrum-muc.de\/wp-content\/uploads\/2020\/06\/Header_Startseite.jpg 1980w, https:\/\/qigong-zentrum-muc.de\/wp-content\/uploads\/2020\/06\/Header_Startseite-300x106.jpg 300w, https:\/\/qigong-zentrum-muc.de\/wp-content\/uploads\/2020\/06\/Header_Startseite-1024x362.jpg 1024w, https:\/\/qigong-zentrum-muc.de\/wp-content\/uploads\/2020\/06\/Header_Startseite-768x272.jpg 768w, https:\/\/qigong-zentrum-muc.de\/wp-content\/uploads\/2020\/06\/Header_Startseite-1536x543.jpg 1536w\" sizes=\"(max-width: 1980px) 100vw, 1980px\" \/>\t\t\t\t\t\t\t\t\t\t\t\t\t\t\t<\/div>\n\t\t\t\t<\/div>\n\t\t\t\t\t<\/div>\n\t\t<\/div>\n\t\t\t\t\t<\/div>\n\t\t<\/section>\n\t\t\t\t<section class=\"elementor-section elementor-top-section elementor-element elementor-element-66be5ce elementor-section-boxed elementor-section-height-default elementor-section-height-default\" data-id=\"66be5ce\" data-element_type=\"section\">\n\t\t\t\t\t\t<div class=\"elementor-container elementor-column-gap-default\">\n\t\t\t\t\t<div class=\"elementor-column elementor-col-100 elementor-top-column elementor-element elementor-element-bb74503\" data-id=\"bb74503\" data-element_type=\"column\">\n\t\t\t<div class=\"elementor-widget-wrap elementor-element-populated\">\n\t\t\t\t\t\t<div class=\"elementor-element elementor-element-dc06c64 elementor-widget elementor-widget-spacer\" data-id=\"dc06c64\" data-element_type=\"widget\" data-widget_type=\"spacer.default\">\n\t\t\t\t<div class=\"elementor-widget-container\">\n\t\t\t\t\t\t\t<div class=\"elementor-spacer\">\n\t\t\t<div class=\"elementor-spacer-inner\"><\/div>\n\t\t<\/div>\n\t\t\t\t\t\t<\/div>\n\t\t\t\t<\/div>\n\t\t\t\t\t<\/div>\n\t\t<\/div>\n\t\t\t\t\t<\/div>\n\t\t<\/section>\n\t\t\t\t<section class=\"elementor-section elementor-top-section elementor-element elementor-element-f234db5 elementor-section-boxed elementor-section-height-default elementor-section-height-default\" data-id=\"f234db5\" data-element_type=\"section\">\n\t\t\t\t\t\t<div class=\"elementor-container elementor-column-gap-default\">\n\t\t\t\t\t<div class=\"elementor-column elementor-col-100 elementor-top-column elementor-element elementor-element-fdd42d6\" data-id=\"fdd42d6\" data-element_type=\"column\">\n\t\t\t<div class=\"elementor-widget-wrap elementor-element-populated\">\n\t\t\t\t\t\t<div class=\"elementor-element elementor-element-38d6219 elementor-widget elementor-widget-text-editor\" data-id=\"38d6219\" data-element_type=\"widget\" data-widget_type=\"text-editor.default\">\n\t\t\t\t<div class=\"elementor-widget-container\">\n\t\t\t\t\t\t\t\t\t<h2 style=\"text-align: center;\">Von Herzen danken wir Ihnen f\u00fcr Ihre treue Unterst\u00fctzung all die Jahre <br \/>\u2013 Sie haben diesen Ort mit Leben und Bedeutung erf\u00fcllt.<\/h2>\t\t\t\t\t\t\t\t<\/div>\n\t\t\t\t<\/div>\n\t\t\t\t\t<\/div>\n\t\t<\/div>\n\t\t\t\t\t<\/div>\n\t\t<\/section>\n\t\t\t\t<section class=\"elementor-section elementor-top-section elementor-element elementor-element-5d726d2 elementor-section-boxed elementor-section-height-default elementor-section-height-default\" data-id=\"5d726d2\" data-element_type=\"section\">\n\t\t\t\t\t\t<div class=\"elementor-container elementor-column-gap-default\">\n\t\t\t\t\t<div class=\"elementor-column elementor-col-100 elementor-top-column elementor-element elementor-element-efeac9d\" data-id=\"efeac9d\" data-element_type=\"column\">\n\t\t\t<div class=\"elementor-widget-wrap elementor-element-populated\">\n\t\t\t\t\t\t<div class=\"elementor-element elementor-element-fdaad50 elementor-widget elementor-widget-text-editor\" data-id=\"fdaad50\" data-element_type=\"widget\" data-widget_type=\"text-editor.default\">\n\t\t\t\t<div class=\"elementor-widget-container\">\n\t\t\t\t\t\t\t\t\t<p>Mit einem wehm\u00fctigen Herzen m\u00f6chten wir Sie dar\u00fcber informieren, dass unser Seminarhaus Gronsdorf seine T\u00fcren f\u00fcr immer geschlossen hat.<\/p><p>Viele von Ihnen haben hier Momente der Besinnung, der inneren Einkehr und des pers\u00f6nlichen Wachstums erlebt. Unser Anliegen war es stets, einen Ort zu schaffen, an dem Menschen eine Auszeit vom hektischen Alltag finden konnten \u2013 einen Raum, um zur Ruhe zu kommen, den eigenen K\u00f6rper, Geist und die Seele zu sp\u00fcren und inneren Gleichmut zu erfahren.<\/p><p>Die R\u00e4ume des Seminarhauses waren erf\u00fcllt von Stille, W\u00e4rme und einer besonderen Energie, die tief in das Innere jedes Einzelnen hineinwirken konnte. Gemeinsam mit Ihnen durften wir auf diesem Weg zu mehr Achtsamkeit, Ausgeglichenheit und Klarheit begleiten.<\/p><p>Nun nehmen wir schweren Herzens Abschied von diesem besonderen Ort, der f\u00fcr so viele von Ihnen ein R\u00fcckzugsort und Kraftplatz war. Doch die Werte, die wir hier gemeinsam gelebt und gepflegt haben, werden in unseren Herzen weiterbestehen \u2013 und wir hoffen, auch in Ihren.<\/p><p>Wir danken Ihnen von Herzen f\u00fcr die vielen Jahre, in denen Sie uns Ihr Vertrauen geschenkt haben, f\u00fcr Ihre Begeisterung und die unvergesslichen Begegnungen. M\u00f6ge der Geist dieses besonderen Ortes Sie weiterhin begleiten und st\u00e4rken.<\/p><p>In tiefer Dankbarkeit und Verbundenheit,<\/p><p>Das Team des Seminarhauses Gronsdorf und Familie Li<\/p>\t\t\t\t\t\t\t\t<\/div>\n\t\t\t\t<\/div>\n\t\t\t\t\t<\/div>\n\t\t<\/div>\n\t\t\t\t\t<\/div>\n\t\t<\/section>\n\t\t\t\t<section class=\"elementor-section elementor-top-section elementor-element elementor-element-1fbc112 elementor-section-boxed elementor-section-height-default elementor-section-height-default\" data-id=\"1fbc112\" data-element_type=\"section\">\n\t\t\t\t\t\t<div class=\"elementor-container elementor-column-gap-default\">\n\t\t\t\t\t<div class=\"elementor-column elementor-col-100 elementor-top-column elementor-element elementor-element-2b02655\" data-id=\"2b02655\" data-element_type=\"column\">\n\t\t\t<div class=\"elementor-widget-wrap elementor-element-populated\">\n\t\t\t\t\t\t<div class=\"elementor-element elementor-element-346a855 elementor-widget elementor-widget-text-editor\" data-id=\"346a855\" data-element_type=\"widget\" data-widget_type=\"text-editor.default\">\n\t\t\t\t<div class=\"elementor-widget-container\">\n\t\t\t\t\t\t\t\t\t<p>Zum Ende aber nun noch eine gute Nachricht: Meister Zhi Chang Li wird weiterhin in unregelm\u00e4\u00dfigen Abst\u00e4nden Onlinekurse anbieten. F\u00fcr weitere Informationen k\u00f6nnen Sie sich jederzeit \u00fcber unsere Kontaktseite an uns wenden.<\/p>\t\t\t\t\t\t\t\t<\/div>\n\t\t\t\t<\/div>\n\t\t\t\t\t<\/div>\n\t\t<\/div>\n\t\t\t\t\t<\/div>\n\t\t<\/section>\n\t\t\t\t<\/div>\n\t\t","protected":false},"excerpt":{"rendered":"<p>Von Herzen danken wir Ihnen f\u00fcr Ihre treue Unterst\u00fctzung all die Jahre \u2013 Sie haben diesen Ort mit Leben und Bedeutung erf\u00fcllt. Mit einem wehm\u00fctigen Herzen m\u00f6chten wir Sie dar\u00fcber informieren, dass unser Seminarhaus Gronsdorf seine T\u00fcren f\u00fcr immer geschlossen hat. Viele von Ihnen haben hier Momente der Besinnung, der inneren Einkehr und des pers\u00f6nlichen&hellip;<\/p>\n","protected":false},"author":1,"featured_media":0,"parent":0,"menu_order":0,"comment_status":"closed","ping_status":"closed","template":"","meta":{"footnotes":""},"class_list":["post-154","page","type-page","status-publish","hentry","no-post-thumbnail","post-grid-3-col","entry"],"_links":{"self":[{"href":"https:\/\/qigong-zentrum-muc.de\/index.php?rest_route=\/wp\/v2\/pages\/154","targetHints":{"allow":["GET"]}}],"collection":[{"href":"https:\/\/qigong-zentrum-muc.de\/index.php?rest_route=\/wp\/v2\/pages"}],"about":[{"href":"https:\/\/qigong-zentrum-muc.de\/index.php?rest_route=\/wp\/v2\/types\/page"}],"author":[{"embeddable":true,"href":"https:\/\/qigong-zentrum-muc.de\/index.php?rest_route=\/wp\/v2\/users\/1"}],"replies":[{"embeddable":true,"href":"https:\/\/qigong-zentrum-muc.de\/index.php?rest_route=%2Fwp%2Fv2%2Fcomments&post=154"}],"version-history":[{"count":31,"href":"https:\/\/qigong-zentrum-muc.de\/index.php?rest_route=\/wp\/v2\/pages\/154\/revisions"}],"predecessor-version":[{"id":362,"href":"https:\/\/qigong-zentrum-muc.de\/index.php?rest_route=\/wp\/v2\/pages\/154\/revisions\/362"}],"wp:attachment":[{"href":"https:\/\/qigong-zentrum-muc.de\/index.php?rest_route=%2Fwp%2Fv2%2Fmedia&parent=154"}],"curies":[{"name":"wp","href":"https:\/\/api.w.org\/{rel}","templated":true}]}}